{"id":2332,"date":"2023-11-20T08:41:43","date_gmt":"2023-11-20T07:41:43","guid":{"rendered":"https:\/\/dalbach.de\/?page_id=2332"},"modified":"2023-11-20T09:43:41","modified_gmt":"2023-11-20T08:43:41","slug":"compliance","status":"publish","type":"page","link":"https:\/\/dalbach.de\/en\/compliance\/","title":{"rendered":"Compliance"},"content":{"rendered":"<div data-elementor-type=\"wp-page\" data-elementor-id=\"2332\" class=\"elementor elementor-2332\" data-elementor-post-type=\"page\">\n\t\t\t\t\t\t<section class=\"elementor-section elementor-top-section elementor-element elementor-element-54e8b11 elementor-section-boxed elementor-section-height-default elementor-section-height-default\" data-id=\"54e8b11\" data-element_type=\"section\" data-e-type=\"section\" data-settings=\"{&quot;jet_parallax_layout_list&quot;:[]}\">\n\t\t\t\t\t\t<div class=\"elementor-container elementor-column-gap-default\">\n\t\t\t\t\t<div class=\"elementor-column elementor-col-100 elementor-top-column elementor-element elementor-element-53d948a\" data-id=\"53d948a\" data-element_type=\"column\" data-e-type=\"column\">\n\t\t\t<div class=\"elementor-widget-wrap elementor-element-populated\">\n\t\t\t\t\t\t<div class=\"elementor-element elementor-element-2eeda39 elementor-widget elementor-widget-heading\" data-id=\"2eeda39\" data-element_type=\"widget\" data-e-type=\"widget\" data-widget_type=\"heading.default\">\n\t\t\t\t<div class=\"elementor-widget-container\">\n\t\t\t\t\t<h1 class=\"elementor-heading-title elementor-size-default\">Compliance<\/h1>\t\t\t\t<\/div>\n\t\t\t\t<\/div>\n\t\t\t\t<div class=\"elementor-element elementor-element-51f5c85 elementor-widget elementor-widget-text-editor\" data-id=\"51f5c85\" data-element_type=\"widget\" data-e-type=\"widget\" data-widget_type=\"text-editor.default\">\n\t\t\t\t<div class=\"elementor-widget-container\">\n\t\t\t\t\t\t\t\t\t<div class=\"ce_text left-s right-s block\"><h3>REPORTING OFFICE FOR INDICATIONS OF BREACHES OF THE LAW AND IRREGULARITIES IN THE COMPANY<\/h3><div class=\"col-start-2 col-span-10 sm:col-start-3 sm:col-span-8\"><p>Express K\u00fcchen attaches great importance to compliance with all applicable laws, regulations and the self-imposed compliance principles of conduct in its own conduct and business decisions and actions at home and abroad. Our aim is to exclude any risks that could jeopardize our integrity and harm our company, our employees, business partners or customers. In order to fulfill our responsibility, it is therefore important that we become aware of compliance violations.<\/p><p>Express K\u00fcchen offers all employees and external third parties the opportunity to report any violations of the law and grievances at Nolte K\u00fcchen. Completely anonymously if desired. You have the option of reporting either to Express K\u00fcchen directly or to SZA Schilling, Zutt &amp; Ansch\u00fctz Rechtsanwaltsgesellschaft mbH, Frankfurt. The report is free of charge for you in both cases. All incoming reports will be checked immediately. Suspected cases will be investigated and infringements will be followed up.<\/p><p>If in doubt, please contact the relevant emergency services by telephone to report any immediate danger to life and limb. Please also refrain from submitting customer inquiries or complaints about Express K\u00fcchen products via this portal and contact your retailer directly in such cases. Finally, please note that deliberately providing false information may have consequences under criminal and labor law for you and any third parties.<\/p><p>Which reporting office would you like to contact?<\/p><\/div><\/div>\t\t\t\t\t\t\t\t<\/div>\n\t\t\t\t<\/div>\n\t\t\t\t\t<\/div>\n\t\t<\/div>\n\t\t\t\t\t<\/div>\n\t\t<\/section>\n\t\t\t\t<section class=\"elementor-section elementor-top-section elementor-element elementor-element-91a66d2 elementor-section-boxed elementor-section-height-default elementor-section-height-default\" data-id=\"91a66d2\" data-element_type=\"section\" data-e-type=\"section\" data-settings=\"{&quot;jet_parallax_layout_list&quot;:[]}\">\n\t\t\t\t\t\t<div class=\"elementor-container elementor-column-gap-default\">\n\t\t\t\t\t<div class=\"elementor-column elementor-col-50 elementor-top-column elementor-element elementor-element-0de59e7\" data-id=\"0de59e7\" data-element_type=\"column\" data-e-type=\"column\">\n\t\t\t<div class=\"elementor-widget-wrap elementor-element-populated\">\n\t\t\t\t\t\t<div class=\"elementor-element elementor-element-d44088c elementor-align-center elementor-widget elementor-widget-button\" data-id=\"d44088c\" data-element_type=\"widget\" data-e-type=\"widget\" data-widget_type=\"button.default\">\n\t\t\t\t<div class=\"elementor-widget-container\">\n\t\t\t\t\t\t\t\t\t<div class=\"elementor-button-wrapper\">\n\t\t\t\t\t<a class=\"elementor-button elementor-button-link elementor-size-sm\" href=\"https:\/\/sgp-lumen.de\/app\/express-kuechen\">\n\t\t\t\t\t\t<span class=\"elementor-button-content-wrapper\">\n\t\t\t\t\t\t\t\t\t<span class=\"elementor-button-text\">Internal anonymous submission of information<\/span>\n\t\t\t\t\t<\/span>\n\t\t\t\t\t<\/a>\n\t\t\t\t<\/div>\n\t\t\t\t\t\t\t\t<\/div>\n\t\t\t\t<\/div>\n\t\t\t\t\t<\/div>\n\t\t<\/div>\n\t\t\t\t<div class=\"elementor-column elementor-col-50 elementor-top-column elementor-element elementor-element-b6e5cd0\" data-id=\"b6e5cd0\" data-element_type=\"column\" data-e-type=\"column\">\n\t\t\t<div class=\"elementor-widget-wrap elementor-element-populated\">\n\t\t\t\t\t\t<div class=\"elementor-element elementor-element-02f9eee elementor-align-center elementor-widget elementor-widget-button\" data-id=\"02f9eee\" data-element_type=\"widget\" data-e-type=\"widget\" data-widget_type=\"button.default\">\n\t\t\t\t<div class=\"elementor-widget-container\">\n\t\t\t\t\t\t\t\t\t<div class=\"elementor-button-wrapper\">\n\t\t\t\t\t<a class=\"elementor-button elementor-button-link elementor-size-sm\" href=\"https:\/\/sgp-lumen.de\/app\/sza-express-kuechen\">\n\t\t\t\t\t\t<span class=\"elementor-button-content-wrapper\">\n\t\t\t\t\t\t\t\t\t<span class=\"elementor-button-text\">External anonymous submission of information<\/span>\n\t\t\t\t\t<\/span>\n\t\t\t\t\t<\/a>\n\t\t\t\t<\/div>\n\t\t\t\t\t\t\t\t<\/div>\n\t\t\t\t<\/div>\n\t\t\t\t\t<\/div>\n\t\t<\/div>\n\t\t\t\t\t<\/div>\n\t\t<\/section>\n\t\t\t\t<\/div>","protected":false},"excerpt":{"rendered":"<p>Compliance MELDESTELLE F\u00dcR ANHALTSPUNKTE VON GESETZESVERST\u00d6SSEN UND MISSST\u00c4NDEN IM UNTERNEHMEN Express K\u00fcchen legt bei eigenem Verhalten und unternehmerischen Entscheidungen und Handlungen im In- und Ausland gr\u00f6\u00dften Wert auf die Einhaltung s\u00e4mtlicher geltender Gesetze, Regelungen und der selbstauferlegten Compliance-Verhaltensgrunds\u00e4tze. Unser Anspruch ist es, jegliche Risiken auszuschlie\u00dfen, welche unsere Integrit\u00e4t gef\u00e4hrden und unserem Unternehmen, unseren Mitarbeitern sowie [&hellip;]<\/p>\n","protected":false},"author":3,"featured_media":0,"parent":0,"menu_order":0,"comment_status":"closed","ping_status":"closed","template":"elementor_header_footer","meta":{"footnotes":"","_wp_rev_ctl_limit":""},"class_list":["post-2332","page","type-page","status-publish","hentry"],"yoast_head":"<!-- This site is optimized with the Yoast SEO plugin v26.9 - https:\/\/yoast.com\/product\/yoast-seo-wordpress\/ -->\n<title>Compliance - Dalbach.de<\/title>\n<meta name=\"robots\" content=\"index, follow, max-snippet:-1, max-image-preview:large, max-video-preview:-1\" \/>\n<link rel=\"canonical\" href=\"https:\/\/dalbach.de\/en\/compliance\/\" \/>\n<meta property=\"og:locale\" content=\"en_GB\" \/>\n<meta property=\"og:type\" content=\"article\" \/>\n<meta property=\"og:title\" content=\"Compliance - Dalbach.de\" \/>\n<meta property=\"og:description\" content=\"Compliance MELDESTELLE F\u00dcR ANHALTSPUNKTE VON GESETZESVERST\u00d6SSEN UND MISSST\u00c4NDEN IM UNTERNEHMEN Express K\u00fcchen legt bei eigenem Verhalten und unternehmerischen Entscheidungen und Handlungen im In- und Ausland gr\u00f6\u00dften Wert auf die Einhaltung s\u00e4mtlicher geltender Gesetze, Regelungen und der selbstauferlegten Compliance-Verhaltensgrunds\u00e4tze. Unser Anspruch ist es, jegliche Risiken auszuschlie\u00dfen, welche unsere Integrit\u00e4t gef\u00e4hrden und unserem Unternehmen, unseren Mitarbeitern sowie [&hellip;]\" \/>\n<meta property=\"og:url\" content=\"https:\/\/dalbach.de\/en\/compliance\/\" \/>\n<meta property=\"og:site_name\" content=\"Dalbach.de\" \/>\n<meta property=\"article:modified_time\" content=\"2023-11-20T08:43:41+00:00\" \/>\n<meta name=\"twitter:card\" content=\"summary_large_image\" \/>\n<meta name=\"twitter:label1\" content=\"Estimated reading time\" \/>\n\t<meta name=\"twitter:data1\" content=\"1 minute\" \/>\n<script type=\"application\/ld+json\" class=\"yoast-schema-graph\">{\"@context\":\"https:\/\/schema.org\",\"@graph\":[{\"@type\":\"WebPage\",\"@id\":\"https:\/\/dalbach.de\/compliance\/\",\"url\":\"https:\/\/dalbach.de\/compliance\/\",\"name\":\"Compliance - Dalbach.de\",\"isPartOf\":{\"@id\":\"https:\/\/dalbach.de\/#website\"},\"datePublished\":\"2023-11-20T07:41:43+00:00\",\"dateModified\":\"2023-11-20T08:43:41+00:00\",\"breadcrumb\":{\"@id\":\"https:\/\/dalbach.de\/compliance\/#breadcrumb\"},\"inLanguage\":\"en-GB\",\"potentialAction\":[{\"@type\":\"ReadAction\",\"target\":[\"https:\/\/dalbach.de\/compliance\/\"]}]},{\"@type\":\"BreadcrumbList\",\"@id\":\"https:\/\/dalbach.de\/compliance\/#breadcrumb\",\"itemListElement\":[{\"@type\":\"ListItem\",\"position\":1,\"name\":\"Startseite\",\"item\":\"https:\/\/dalbach.de\/\"},{\"@type\":\"ListItem\",\"position\":2,\"name\":\"Compliance\"}]},{\"@type\":\"WebSite\",\"@id\":\"https:\/\/dalbach.de\/#website\",\"url\":\"https:\/\/dalbach.de\/\",\"name\":\"xolid\",\"description\":\"Eine Marke von Express K\u00fcchen\",\"publisher\":{\"@id\":\"https:\/\/dalbach.de\/#organization\"},\"potentialAction\":[{\"@type\":\"SearchAction\",\"target\":{\"@type\":\"EntryPoint\",\"urlTemplate\":\"https:\/\/dalbach.de\/?s={search_term_string}\"},\"query-input\":{\"@type\":\"PropertyValueSpecification\",\"valueRequired\":true,\"valueName\":\"search_term_string\"}}],\"inLanguage\":\"en-GB\"},{\"@type\":\"Organization\",\"@id\":\"https:\/\/dalbach.de\/#organization\",\"name\":\"GGV Handelsgesellschaft mbH & Co. KG\",\"url\":\"https:\/\/dalbach.de\/\",\"logo\":{\"@type\":\"ImageObject\",\"inLanguage\":\"en-GB\",\"@id\":\"https:\/\/dalbach.de\/#\/schema\/logo\/image\/\",\"url\":\"https:\/\/dalbach.de\/wp-content\/uploads\/2021\/04\/xolid-logo-schwarz-beitragsbild.png\",\"contentUrl\":\"https:\/\/dalbach.de\/wp-content\/uploads\/2021\/04\/xolid-logo-schwarz-beitragsbild.png\",\"width\":800,\"height\":800,\"caption\":\"GGV Handelsgesellschaft mbH & Co. KG\"},\"image\":{\"@id\":\"https:\/\/dalbach.de\/#\/schema\/logo\/image\/\"}}]}<\/script>\n<!-- \/ Yoast SEO plugin. -->","yoast_head_json":{"title":"Compliance - Dalbach.de","robots":{"index":"index","follow":"follow","max-snippet":"max-snippet:-1","max-image-preview":"max-image-preview:large","max-video-preview":"max-video-preview:-1"},"canonical":"https:\/\/dalbach.de\/en\/compliance\/","og_locale":"en_GB","og_type":"article","og_title":"Compliance - Dalbach.de","og_description":"Compliance MELDESTELLE F\u00dcR ANHALTSPUNKTE VON GESETZESVERST\u00d6SSEN UND MISSST\u00c4NDEN IM UNTERNEHMEN Express K\u00fcchen legt bei eigenem Verhalten und unternehmerischen Entscheidungen und Handlungen im In- und Ausland gr\u00f6\u00dften Wert auf die Einhaltung s\u00e4mtlicher geltender Gesetze, Regelungen und der selbstauferlegten Compliance-Verhaltensgrunds\u00e4tze. Unser Anspruch ist es, jegliche Risiken auszuschlie\u00dfen, welche unsere Integrit\u00e4t gef\u00e4hrden und unserem Unternehmen, unseren Mitarbeitern sowie [&hellip;]","og_url":"https:\/\/dalbach.de\/en\/compliance\/","og_site_name":"Dalbach.de","article_modified_time":"2023-11-20T08:43:41+00:00","twitter_card":"summary_large_image","twitter_misc":{"Estimated reading time":"1 minute"},"schema":{"@context":"https:\/\/schema.org","@graph":[{"@type":"WebPage","@id":"https:\/\/dalbach.de\/compliance\/","url":"https:\/\/dalbach.de\/compliance\/","name":"Compliance - Dalbach.de","isPartOf":{"@id":"https:\/\/dalbach.de\/#website"},"datePublished":"2023-11-20T07:41:43+00:00","dateModified":"2023-11-20T08:43:41+00:00","breadcrumb":{"@id":"https:\/\/dalbach.de\/compliance\/#breadcrumb"},"inLanguage":"en-GB","potentialAction":[{"@type":"ReadAction","target":["https:\/\/dalbach.de\/compliance\/"]}]},{"@type":"BreadcrumbList","@id":"https:\/\/dalbach.de\/compliance\/#breadcrumb","itemListElement":[{"@type":"ListItem","position":1,"name":"Startseite","item":"https:\/\/dalbach.de\/"},{"@type":"ListItem","position":2,"name":"Compliance"}]},{"@type":"WebSite","@id":"https:\/\/dalbach.de\/#website","url":"https:\/\/dalbach.de\/","name":"xolid","description":"Eine Marke von Express K\u00fcchen","publisher":{"@id":"https:\/\/dalbach.de\/#organization"},"potentialAction":[{"@type":"SearchAction","target":{"@type":"EntryPoint","urlTemplate":"https:\/\/dalbach.de\/?s={search_term_string}"},"query-input":{"@type":"PropertyValueSpecification","valueRequired":true,"valueName":"search_term_string"}}],"inLanguage":"en-GB"},{"@type":"Organization","@id":"https:\/\/dalbach.de\/#organization","name":"GGV Handelsgesellschaft mbH & Co. KG","url":"https:\/\/dalbach.de\/","logo":{"@type":"ImageObject","inLanguage":"en-GB","@id":"https:\/\/dalbach.de\/#\/schema\/logo\/image\/","url":"https:\/\/dalbach.de\/wp-content\/uploads\/2021\/04\/xolid-logo-schwarz-beitragsbild.png","contentUrl":"https:\/\/dalbach.de\/wp-content\/uploads\/2021\/04\/xolid-logo-schwarz-beitragsbild.png","width":800,"height":800,"caption":"GGV Handelsgesellschaft mbH & Co. KG"},"image":{"@id":"https:\/\/dalbach.de\/#\/schema\/logo\/image\/"}}]}},"_links":{"self":[{"href":"https:\/\/dalbach.de\/en\/wp-json\/wp\/v2\/pages\/2332","targetHints":{"allow":["GET"]}}],"collection":[{"href":"https:\/\/dalbach.de\/en\/wp-json\/wp\/v2\/pages"}],"about":[{"href":"https:\/\/dalbach.de\/en\/wp-json\/wp\/v2\/types\/page"}],"author":[{"embeddable":true,"href":"https:\/\/dalbach.de\/en\/wp-json\/wp\/v2\/users\/3"}],"replies":[{"embeddable":true,"href":"https:\/\/dalbach.de\/en\/wp-json\/wp\/v2\/comments?post=2332"}],"version-history":[{"count":0,"href":"https:\/\/dalbach.de\/en\/wp-json\/wp\/v2\/pages\/2332\/revisions"}],"wp:attachment":[{"href":"https:\/\/dalbach.de\/en\/wp-json\/wp\/v2\/media?parent=2332"}],"curies":[{"name":"wp","href":"https:\/\/api.w.org\/{rel}","templated":true}]}}