{"id":2675,"date":"2025-07-02T08:27:59","date_gmt":"2025-07-02T06:27:59","guid":{"rendered":"https:\/\/dalbach.de\/?page_id=2675"},"modified":"2025-07-02T08:36:47","modified_gmt":"2025-07-02T06:36:47","slug":"barrierefreiheitserklaerung","status":"publish","type":"page","link":"https:\/\/dalbach.de\/en\/barrierefreiheitserklaerung\/","title":{"rendered":"Declaration of accessibility"},"content":{"rendered":"<div data-elementor-type=\"wp-page\" data-elementor-id=\"2675\" class=\"elementor elementor-2675\" data-elementor-post-type=\"page\">\n\t\t\t\t\t\t<section class=\"elementor-section elementor-top-section elementor-element elementor-element-2fb4d44 elementor-section-boxed elementor-section-height-default elementor-section-height-default\" data-id=\"2fb4d44\" data-element_type=\"section\" data-e-type=\"section\" data-settings=\"{&quot;jet_parallax_layout_list&quot;:[]}\">\n\t\t\t\t\t\t<div class=\"elementor-container elementor-column-gap-default\">\n\t\t\t\t\t<div class=\"elementor-column elementor-col-100 elementor-top-column elementor-element elementor-element-09f4cc1\" data-id=\"09f4cc1\" data-element_type=\"column\" data-e-type=\"column\">\n\t\t\t<div class=\"elementor-widget-wrap elementor-element-populated\">\n\t\t\t\t\t\t<div class=\"elementor-element elementor-element-b749698 elementor-widget elementor-widget-heading\" data-id=\"b749698\" data-element_type=\"widget\" data-e-type=\"widget\" data-widget_type=\"heading.default\">\n\t\t\t\t<div class=\"elementor-widget-container\">\n\t\t\t\t\t<h1 class=\"elementor-heading-title elementor-size-default\">Declaration of accessibility<\/h1>\t\t\t\t<\/div>\n\t\t\t\t<\/div>\n\t\t\t\t<div class=\"elementor-element elementor-element-31ab879 elementor-widget elementor-widget-text-editor\" data-id=\"31ab879\" data-element_type=\"widget\" data-e-type=\"widget\" data-widget_type=\"text-editor.default\">\n\t\t\t\t<div class=\"elementor-widget-container\">\n\t\t\t\t\t\t\t\t\t<p><!-- \/wp:heading --><!-- wp:paragraph --><\/p>\n<p>Express K\u00fcchen GmbH &amp; Co. KG endeavors to make the website \u201cDalbach.de\u201d accessible in accordance with \u00a7 4 of the Barrier-free Information Technology Ordinance (BITV 2.0) and EU Directive 2016\/2102. Our aim is to enable every visitor to make optimum use of the site and to remove any barriers that arise (including language barriers) as quickly and effectively as possible.<\/p>\n<p><!-- \/wp:paragraph --><!-- wp:heading {\"style\":{\"typography\":{\"fontSize\":\"20px\"}}} --><\/p>\n<h5 class=\"wp-block-heading\"><strong>Status of compatibility with the requirements<\/strong><\/h5>\n<p><!-- \/wp:heading --><!-- wp:paragraph --><\/p>\n<p>This website is largely compatible with the requirements of BITV 2.0 and EU Directive 2016\/2102. Individual PDF documents were published before 23.09.2018 and may not yet be accessible and will be updated as soon as possible.<\/p>\n<p><!-- \/wp:paragraph --><!-- wp:heading {\"style\":{\"typography\":{\"fontSize\":\"20px\"}}} --><\/p>\n<h5 class=\"wp-block-heading\"><strong>Preparation of this accessibility statement<\/strong><\/h5>\n<p><!-- \/wp:heading --><!-- wp:paragraph --><\/p>\n<p>This declaration was created on 25.06.2025. The assessment is based on a self-assessment \/ a BITV self-assessment carried out. This was supported by various testing tools.<\/p>\n<p><!-- \/wp:paragraph --><!-- wp:heading {\"level\":3,\"style\":{\"typography\":{\"fontSize\":\"18px\"}}} --><\/p>\n<h5 class=\"wp-block-heading\"><strong>Feedback and contact<\/strong><\/h5>\n<p><!-- \/wp:heading --><!-- wp:paragraph --><\/p>\n<p>If you notice any deficiencies with regard to the barrier-free design of our website or would like to receive information on content that is not barrier-free, we would be very pleased if you would send us a message:<\/p>\n<p><!-- \/wp:paragraph --><!-- wp:paragraph --><\/p>\n<p><strong>E-Mail:<\/strong> <a style=\"color: #025692;\" href=\"mailto:service@dalbach-service.com\">service@dalbach-service.com<\/a><\/p>\t\t\t\t\t\t\t\t<\/div>\n\t\t\t\t<\/div>\n\t\t\t\t\t<\/div>\n\t\t<\/div>\n\t\t\t\t\t<\/div>\n\t\t<\/section>\n\t\t\t\t<\/div>","protected":false},"excerpt":{"rendered":"<p>Barrierefreiheitserkl\u00e4rung Die Express K\u00fcchen GmbH &amp; Co. KG ist bem\u00fcht, die Website &#8222;Dalbach.de&#8220; im Einklang mit \u00a7 4 der Barrierefreie-Informationstechnik-Verordnung (BITV 2.0) sowie der EU-Richtlinie 2016\/2102 barrierefrei zug\u00e4nglich zu machen. Unser Ziel ist es, jedem Besucher eine optimale Nutzung der Seite zu erm\u00f6glichen und auftauchenden Barrieren (auch sprachliche) m\u00f6glichst schnell und wirksam zu entfernen. Stand [&hellip;]<\/p>\n","protected":false},"author":3,"featured_media":0,"parent":0,"menu_order":0,"comment_status":"closed","ping_status":"closed","template":"","meta":{"footnotes":"","_wp_rev_ctl_limit":""},"class_list":["post-2675","page","type-page","status-publish","hentry"],"yoast_head":"<!-- This site is optimized with the Yoast SEO plugin v26.9 - https:\/\/yoast.com\/product\/yoast-seo-wordpress\/ -->\n<title>Barrierefreiheitserkl\u00e4rung - Dalbach.de<\/title>\n<meta name=\"robots\" content=\"index, follow, max-snippet:-1, max-image-preview:large, max-video-preview:-1\" \/>\n<link rel=\"canonical\" href=\"https:\/\/dalbach.de\/en\/barrierefreiheitserklaerung\/\" \/>\n<meta property=\"og:locale\" content=\"en_GB\" \/>\n<meta property=\"og:type\" content=\"article\" \/>\n<meta property=\"og:title\" content=\"Barrierefreiheitserkl\u00e4rung - Dalbach.de\" \/>\n<meta property=\"og:description\" content=\"Barrierefreiheitserkl\u00e4rung Die Express K\u00fcchen GmbH &amp; Co. KG ist bem\u00fcht, die Website &#8222;Dalbach.de&#8220; im Einklang mit \u00a7 4 der Barrierefreie-Informationstechnik-Verordnung (BITV 2.0) sowie der EU-Richtlinie 2016\/2102 barrierefrei zug\u00e4nglich zu machen. Unser Ziel ist es, jedem Besucher eine optimale Nutzung der Seite zu erm\u00f6glichen und auftauchenden Barrieren (auch sprachliche) m\u00f6glichst schnell und wirksam zu entfernen. Stand [&hellip;]\" \/>\n<meta property=\"og:url\" content=\"https:\/\/dalbach.de\/en\/barrierefreiheitserklaerung\/\" \/>\n<meta property=\"og:site_name\" content=\"Dalbach.de\" \/>\n<meta property=\"article:modified_time\" content=\"2025-07-02T06:36:47+00:00\" \/>\n<meta name=\"twitter:card\" content=\"summary_large_image\" \/>\n<meta name=\"twitter:label1\" content=\"Estimated reading time\" \/>\n\t<meta name=\"twitter:data1\" content=\"1 minute\" \/>\n<script type=\"application\/ld+json\" class=\"yoast-schema-graph\">{\"@context\":\"https:\/\/schema.org\",\"@graph\":[{\"@type\":\"WebPage\",\"@id\":\"https:\/\/dalbach.de\/barrierefreiheitserklaerung\/\",\"url\":\"https:\/\/dalbach.de\/barrierefreiheitserklaerung\/\",\"name\":\"Barrierefreiheitserkl\u00e4rung - Dalbach.de\",\"isPartOf\":{\"@id\":\"https:\/\/dalbach.de\/#website\"},\"datePublished\":\"2025-07-02T06:27:59+00:00\",\"dateModified\":\"2025-07-02T06:36:47+00:00\",\"breadcrumb\":{\"@id\":\"https:\/\/dalbach.de\/barrierefreiheitserklaerung\/#breadcrumb\"},\"inLanguage\":\"en-GB\",\"potentialAction\":[{\"@type\":\"ReadAction\",\"target\":[\"https:\/\/dalbach.de\/barrierefreiheitserklaerung\/\"]}]},{\"@type\":\"BreadcrumbList\",\"@id\":\"https:\/\/dalbach.de\/barrierefreiheitserklaerung\/#breadcrumb\",\"itemListElement\":[{\"@type\":\"ListItem\",\"position\":1,\"name\":\"Startseite\",\"item\":\"https:\/\/dalbach.de\/\"},{\"@type\":\"ListItem\",\"position\":2,\"name\":\"Barrierefreiheitserkl\u00e4rung\"}]},{\"@type\":\"WebSite\",\"@id\":\"https:\/\/dalbach.de\/#website\",\"url\":\"https:\/\/dalbach.de\/\",\"name\":\"xolid\",\"description\":\"Eine Marke von Express K\u00fcchen\",\"publisher\":{\"@id\":\"https:\/\/dalbach.de\/#organization\"},\"potentialAction\":[{\"@type\":\"SearchAction\",\"target\":{\"@type\":\"EntryPoint\",\"urlTemplate\":\"https:\/\/dalbach.de\/?s={search_term_string}\"},\"query-input\":{\"@type\":\"PropertyValueSpecification\",\"valueRequired\":true,\"valueName\":\"search_term_string\"}}],\"inLanguage\":\"en-GB\"},{\"@type\":\"Organization\",\"@id\":\"https:\/\/dalbach.de\/#organization\",\"name\":\"GGV Handelsgesellschaft mbH & Co. KG\",\"url\":\"https:\/\/dalbach.de\/\",\"logo\":{\"@type\":\"ImageObject\",\"inLanguage\":\"en-GB\",\"@id\":\"https:\/\/dalbach.de\/#\/schema\/logo\/image\/\",\"url\":\"https:\/\/dalbach.de\/wp-content\/uploads\/2021\/04\/xolid-logo-schwarz-beitragsbild.png\",\"contentUrl\":\"https:\/\/dalbach.de\/wp-content\/uploads\/2021\/04\/xolid-logo-schwarz-beitragsbild.png\",\"width\":800,\"height\":800,\"caption\":\"GGV Handelsgesellschaft mbH & Co. KG\"},\"image\":{\"@id\":\"https:\/\/dalbach.de\/#\/schema\/logo\/image\/\"}}]}<\/script>\n<!-- \/ Yoast SEO plugin. -->","yoast_head_json":{"title":"Barrierefreiheitserkl\u00e4rung - Dalbach.de","robots":{"index":"index","follow":"follow","max-snippet":"max-snippet:-1","max-image-preview":"max-image-preview:large","max-video-preview":"max-video-preview:-1"},"canonical":"https:\/\/dalbach.de\/en\/barrierefreiheitserklaerung\/","og_locale":"en_GB","og_type":"article","og_title":"Barrierefreiheitserkl\u00e4rung - Dalbach.de","og_description":"Barrierefreiheitserkl\u00e4rung Die Express K\u00fcchen GmbH &amp; Co. KG ist bem\u00fcht, die Website &#8222;Dalbach.de&#8220; im Einklang mit \u00a7 4 der Barrierefreie-Informationstechnik-Verordnung (BITV 2.0) sowie der EU-Richtlinie 2016\/2102 barrierefrei zug\u00e4nglich zu machen. Unser Ziel ist es, jedem Besucher eine optimale Nutzung der Seite zu erm\u00f6glichen und auftauchenden Barrieren (auch sprachliche) m\u00f6glichst schnell und wirksam zu entfernen. Stand [&hellip;]","og_url":"https:\/\/dalbach.de\/en\/barrierefreiheitserklaerung\/","og_site_name":"Dalbach.de","article_modified_time":"2025-07-02T06:36:47+00:00","twitter_card":"summary_large_image","twitter_misc":{"Estimated reading time":"1 minute"},"schema":{"@context":"https:\/\/schema.org","@graph":[{"@type":"WebPage","@id":"https:\/\/dalbach.de\/barrierefreiheitserklaerung\/","url":"https:\/\/dalbach.de\/barrierefreiheitserklaerung\/","name":"Barrierefreiheitserkl\u00e4rung - Dalbach.de","isPartOf":{"@id":"https:\/\/dalbach.de\/#website"},"datePublished":"2025-07-02T06:27:59+00:00","dateModified":"2025-07-02T06:36:47+00:00","breadcrumb":{"@id":"https:\/\/dalbach.de\/barrierefreiheitserklaerung\/#breadcrumb"},"inLanguage":"en-GB","potentialAction":[{"@type":"ReadAction","target":["https:\/\/dalbach.de\/barrierefreiheitserklaerung\/"]}]},{"@type":"BreadcrumbList","@id":"https:\/\/dalbach.de\/barrierefreiheitserklaerung\/#breadcrumb","itemListElement":[{"@type":"ListItem","position":1,"name":"Startseite","item":"https:\/\/dalbach.de\/"},{"@type":"ListItem","position":2,"name":"Barrierefreiheitserkl\u00e4rung"}]},{"@type":"WebSite","@id":"https:\/\/dalbach.de\/#website","url":"https:\/\/dalbach.de\/","name":"xolid","description":"Eine Marke von Express K\u00fcchen","publisher":{"@id":"https:\/\/dalbach.de\/#organization"},"potentialAction":[{"@type":"SearchAction","target":{"@type":"EntryPoint","urlTemplate":"https:\/\/dalbach.de\/?s={search_term_string}"},"query-input":{"@type":"PropertyValueSpecification","valueRequired":true,"valueName":"search_term_string"}}],"inLanguage":"en-GB"},{"@type":"Organization","@id":"https:\/\/dalbach.de\/#organization","name":"GGV Handelsgesellschaft mbH & Co. KG","url":"https:\/\/dalbach.de\/","logo":{"@type":"ImageObject","inLanguage":"en-GB","@id":"https:\/\/dalbach.de\/#\/schema\/logo\/image\/","url":"https:\/\/dalbach.de\/wp-content\/uploads\/2021\/04\/xolid-logo-schwarz-beitragsbild.png","contentUrl":"https:\/\/dalbach.de\/wp-content\/uploads\/2021\/04\/xolid-logo-schwarz-beitragsbild.png","width":800,"height":800,"caption":"GGV Handelsgesellschaft mbH & Co. KG"},"image":{"@id":"https:\/\/dalbach.de\/#\/schema\/logo\/image\/"}}]}},"_links":{"self":[{"href":"https:\/\/dalbach.de\/en\/wp-json\/wp\/v2\/pages\/2675","targetHints":{"allow":["GET"]}}],"collection":[{"href":"https:\/\/dalbach.de\/en\/wp-json\/wp\/v2\/pages"}],"about":[{"href":"https:\/\/dalbach.de\/en\/wp-json\/wp\/v2\/types\/page"}],"author":[{"embeddable":true,"href":"https:\/\/dalbach.de\/en\/wp-json\/wp\/v2\/users\/3"}],"replies":[{"embeddable":true,"href":"https:\/\/dalbach.de\/en\/wp-json\/wp\/v2\/comments?post=2675"}],"version-history":[{"count":0,"href":"https:\/\/dalbach.de\/en\/wp-json\/wp\/v2\/pages\/2675\/revisions"}],"wp:attachment":[{"href":"https:\/\/dalbach.de\/en\/wp-json\/wp\/v2\/media?parent=2675"}],"curies":[{"name":"wp","href":"https:\/\/api.w.org\/{rel}","templated":true}]}}